{"id":209,"date":"2022-10-14T16:36:27","date_gmt":"2022-10-14T14:36:27","guid":{"rendered":"https:\/\/www.aem-elektro.de\/?page_id=209"},"modified":"2022-10-14T17:04:25","modified_gmt":"2022-10-14T15:04:25","slug":"leistungen","status":"publish","type":"page","link":"https:\/\/www.aem-elektro.de\/en\/leistungen\/","title":{"rendered":"Services"},"content":{"rendered":"<div class=\"wp-block-columns is-layout-flex wp-container-4\">\n<div class=\"wp-block-column is-layout-flow\">\n<figure class=\"wp-block-image size-large\"><img decoding=\"async\" loading=\"lazy\" width=\"1024\" height=\"1024\" src=\"https:\/\/www.aem-elektro.de\/wp-content\/uploads\/2022\/10\/IMG_9788-edited-1-1024x1024.jpeg\" alt=\"\" class=\"wp-image-202\" srcset=\"https:\/\/www.aem-elektro.de\/wp-content\/uploads\/2022\/10\/IMG_9788-edited-1-1024x1024.jpeg 1024w, https:\/\/www.aem-elektro.de\/wp-content\/uploads\/2022\/10\/IMG_9788-edited-1-300x300.jpeg 300w, https:\/\/www.aem-elektro.de\/wp-content\/uploads\/2022\/10\/IMG_9788-edited-1-150x150.jpeg 150w, https:\/\/www.aem-elektro.de\/wp-content\/uploads\/2022\/10\/IMG_9788-edited-1-768x768.jpeg 768w, https:\/\/www.aem-elektro.de\/wp-content\/uploads\/2022\/10\/IMG_9788-edited-1-1536x1536.jpeg 1536w, https:\/\/www.aem-elektro.de\/wp-content\/uploads\/2022\/10\/IMG_9788-edited-1-2048x2048.jpeg 2048w, https:\/\/www.aem-elektro.de\/wp-content\/uploads\/2022\/10\/IMG_9788-edited-1-12x12.jpeg 12w\" sizes=\"(max-width: 1024px) 100vw, 1024px\" \/><\/figure>\n\n\n\n<p><strong>Electrical termination<\/strong><\/p>\n\n\n\n<p class=\"has-text-align-left has-text-color has-small-font-size\" style=\"color:#7e7e7e;font-style:normal;font-weight:100\">Our expert staff includes qualified electricians who carry out the electrical terminations on site using the latest equipment. We also carry out the subsequent testing of the cables.<\/p>\n<\/div>\n\n\n\n<div class=\"wp-block-column is-layout-flow\">\n<figure class=\"wp-block-image size-large\"><img decoding=\"async\" loading=\"lazy\" width=\"1024\" height=\"1024\" src=\"https:\/\/www.aem-elektro.de\/wp-content\/uploads\/2022\/10\/Klaus_SPIE_Essen_AEM-edited-1-1024x1024.jpg\" alt=\"\" class=\"wp-image-199\" srcset=\"https:\/\/www.aem-elektro.de\/wp-content\/uploads\/2022\/10\/Klaus_SPIE_Essen_AEM-edited-1-1024x1024.jpg 1024w, https:\/\/www.aem-elektro.de\/wp-content\/uploads\/2022\/10\/Klaus_SPIE_Essen_AEM-edited-1-300x300.jpg 300w, https:\/\/www.aem-elektro.de\/wp-content\/uploads\/2022\/10\/Klaus_SPIE_Essen_AEM-edited-1-150x150.jpg 150w, https:\/\/www.aem-elektro.de\/wp-content\/uploads\/2022\/10\/Klaus_SPIE_Essen_AEM-edited-1-768x768.jpg 768w, https:\/\/www.aem-elektro.de\/wp-content\/uploads\/2022\/10\/Klaus_SPIE_Essen_AEM-edited-1-1536x1536.jpg 1536w, https:\/\/www.aem-elektro.de\/wp-content\/uploads\/2022\/10\/Klaus_SPIE_Essen_AEM-edited-1-2048x2048.jpg 2048w, https:\/\/www.aem-elektro.de\/wp-content\/uploads\/2022\/10\/Klaus_SPIE_Essen_AEM-edited-1-12x12.jpg 12w\" sizes=\"(max-width: 1024px) 100vw, 1024px\" \/><\/figure>\n\n\n\n<p><strong>Cable Installation<\/strong><\/p>\n\n\n\n<p class=\"has-text-color has-small-font-size\" style=\"color:#7e7e7e;font-style:normal;font-weight:100\">The professional installation of industrial cables is a fundamental process that focuses on qualitative and precise work. Our expert personnel carry out these tasks in accordance with the applicable safety regulations and quality standards.<\/p>\n<\/div>\n\n\n\n<div class=\"wp-block-column is-layout-flow\">\n<figure class=\"wp-block-image size-large\"><img decoding=\"async\" loading=\"lazy\" width=\"1024\" height=\"1024\" src=\"https:\/\/www.aem-elektro.de\/wp-content\/uploads\/2022\/10\/IMG_6155-edited-1-1024x1024.jpg\" alt=\"\" class=\"wp-image-205\" srcset=\"https:\/\/www.aem-elektro.de\/wp-content\/uploads\/2022\/10\/IMG_6155-edited-1-1024x1024.jpg 1024w, https:\/\/www.aem-elektro.de\/wp-content\/uploads\/2022\/10\/IMG_6155-edited-1-300x300.jpg 300w, https:\/\/www.aem-elektro.de\/wp-content\/uploads\/2022\/10\/IMG_6155-edited-1-150x150.jpg 150w, https:\/\/www.aem-elektro.de\/wp-content\/uploads\/2022\/10\/IMG_6155-edited-1-768x768.jpg 768w, https:\/\/www.aem-elektro.de\/wp-content\/uploads\/2022\/10\/IMG_6155-edited-1-1536x1536.jpg 1536w, https:\/\/www.aem-elektro.de\/wp-content\/uploads\/2022\/10\/IMG_6155-edited-1-2048x2048.jpg 2048w, https:\/\/www.aem-elektro.de\/wp-content\/uploads\/2022\/10\/IMG_6155-edited-1-12x12.jpg 12w\" sizes=\"(max-width: 1024px) 100vw, 1024px\" \/><\/figure>\n\n\n\n<p><strong>Dismantling<\/strong><\/p>\n\n\n\n<p class=\"has-text-color has-small-font-size\" style=\"color:#7e7e7e;font-style:normal;font-weight:100\">As part of your modernisation, renovation or demolition, we take care of the professional dismantling and subsequent disposal of old cables. During disposal, we pay great attention to environmentally conscious procedures.<\/p>\n<\/div>\n<\/div>","protected":false},"excerpt":{"rendered":"<p>Anschlussarbeiten Zu unserem fachkundigen Personal z\u00e4hlen qualifizierte Elektriker, die mithilfe modernster Ausstattung die Elektroinstallationen vor Ort durchf\u00fchren. Auch die anschlie\u00dfende Pr\u00fcfung der Kabel \u00fcbernehmen wir. Kabelverlegearbeiten Die fachgerechte Verlegung von Industriekabeln ist ein fundamentaler Prozess, bei dem qualitatives und pr\u00e4zises Arbeiten im Fokus stehen. Unser fachkundiges Personal erledigt diese Aufgaben [&hellip;]<\/p>","protected":false},"author":1,"featured_media":0,"parent":0,"menu_order":0,"comment_status":"closed","ping_status":"closed","template":"","meta":{"_themeisle_gutenberg_block_has_review":false},"_links":{"self":[{"href":"https:\/\/www.aem-elektro.de\/en\/wp-json\/wp\/v2\/pages\/209"}],"collection":[{"href":"https:\/\/www.aem-elektro.de\/en\/wp-json\/wp\/v2\/pages"}],"about":[{"href":"https:\/\/www.aem-elektro.de\/en\/wp-json\/wp\/v2\/types\/page"}],"author":[{"embeddable":true,"href":"https:\/\/www.aem-elektro.de\/en\/wp-json\/wp\/v2\/users\/1"}],"replies":[{"embeddable":true,"href":"https:\/\/www.aem-elektro.de\/en\/wp-json\/wp\/v2\/comments?post=209"}],"version-history":[{"count":5,"href":"https:\/\/www.aem-elektro.de\/en\/wp-json\/wp\/v2\/pages\/209\/revisions"}],"predecessor-version":[{"id":220,"href":"https:\/\/www.aem-elektro.de\/en\/wp-json\/wp\/v2\/pages\/209\/revisions\/220"}],"wp:attachment":[{"href":"https:\/\/www.aem-elektro.de\/en\/wp-json\/wp\/v2\/media?parent=209"}],"curies":[{"name":"wp","href":"https:\/\/api.w.org\/{rel}","templated":true}]}}